{"id":3158,"date":"2010-12-15T09:43:53","date_gmt":"2010-12-15T09:43:53","guid":{"rendered":"http:\/\/localhost:8888\/tkbak\/?page_id=58"},"modified":"2016-02-25T12:00:24","modified_gmt":"2016-02-25T12:00:24","slug":"delo","status":"publish","type":"page","link":"https:\/\/www.jivatma.si\/en\/tk-bak-2\/alma-m-karlin\/delo\/","title":{"rendered":"Her work"},"content":{"rendered":"<p><\/p>\n<p style=\"text-align: justify;\"><span style=\"color: #ffffff;\">a<\/span><br \/>\nHer devotion to literary creativity was inexhaustible. Thus, in her words: &#8220;I will write in my bright and dark days, until the Lord will take the pen out of my hands.&#8221;<br \/>\n<span style=\"color: #ffffff;\">a<\/span><br \/>\nWork of Alma Karlin comprises of 24 published books, some in several editions and in various languages.<br \/>\nShe has written more than 40 unpublished longer texts, a wide range of novel and bars, popular science articles, 400 songs that have been preserved in manuscript form, scores and drawings.<br \/>\n<span style=\"color: #ffffff;\">a<\/span><br \/>\nTravel books, novels and ethnological work were published in the first decade after her return. 22 of her books were between 1921 and 1937 released by various publishers in Germany, England, Finland and Switzerland.<br \/>\n<span style=\"color: #ffffff;\">a<\/span><br \/>\nAlma in her travelogues don&#8217;t just go on and describe the places she visited on her trip, but she has had always put man in the middle of the happening. In her works she indicated to seek and solve problems in a particular culture and therefore her works also have ethnological character. In 1934, a important shift happened in writings of world&#8217;s citizen. Alma has ceased to write travel articles and stories about exotic places and completely shifted in occultism , to which she all life felt special preference.<br \/>\n<span style=\"color: #ffffff;\">a<\/span><br \/>\nAn important role in this had her encounter with Theosophy even during her student years in London. She was primarily interested in the exploration of ancient peoples and theosophy. In her works, which were the result of her visions, she addressed back to the time of Atlantis and the prehistory of China, Peru and Mexico. Thus, during this period occurred a few novels with theosophical content.<br \/>\n<span style=\"color: #ffffff;\">a<\/span><br \/>\nIn 1937, she adopted to home and gave refuge to anti-nazi Hans J. Bonsack and in sign of protest ceased to publish in the German press. In Germany, they have banned her work and burned her books. Swedish writer and Nobel Prize winner Selma Lagerl\u00f6f &#8216;s has proposed Alma for the Nobel Prize for Literature for work &#8220;Gleaming in the dark.&#8221;<br \/>\n<span style=\"color: #ffffff;\">a<\/span><br \/>\nIn 2009, was about the life of Alma filmed a documentary film entitled Alma M. Karlin .<br \/>\n<span style=\"color: #ffffff;\">a<\/span><br \/>\n<strong><span style=\"text-decoration: underline;\">PUBLISHED BIBLIOGRAPHY<\/span><\/strong><\/p>\n<p><strong>\u00a0<\/strong><\/p>\n<p><strong>Romani<\/strong><\/p>\n<ul>\n<li>Malik, 1932<\/li>\n<li>Samotno potovanje, 1969, 2006<\/li>\n<li>Isolanthis, roman o potopu celine, 1936<\/li>\n<li>Moj mali Kitajec: roman iz Kitajske, 1921<\/li>\n<li>Mistika Ju\u017enega morja: I. del Polinezija, II. del Melanezija \u2013 Mikronezija, 1931<\/li>\n<li>Nabobova stranska \u017eena, 1937<\/li>\n<\/ul>\n<p><strong>Novels<\/strong><\/p>\n<ul>\n<li>Mala Siamka, 1937<\/li>\n<li>Najmlaj\u0161i vnuk \u010dastitljivega I \u010caa: novela iz Kitajske, 1948<\/li>\n<li>O Joni San: Japonske novele, 2006<\/li>\n<\/ul>\n<p><strong>Stories<\/strong><\/p>\n<ul>\n<li>Kupa pozabljenih: dve zgodbi, 1938<\/li>\n<li>Zmaji in duhovi, 1996<\/li>\n<li>Mala pomlad: tri zgodbe, 1937<\/li>\n<li>Mese\u010deve solze: zgodba iz Peruja, 1935<\/li>\n<li>\u0160tiri dekleta v vetru usode: zgodba z Ju\u017enega morja, 1936, 1939, 1943<\/li>\n<li>Svetlikanje v mraku, 1999<\/li>\n<\/ul>\n<p><strong>Travelogues<\/strong><\/p>\n<ul>\n<li>Do\u017eiveti svet, 2006<\/li>\n<\/ul>\n<p><strong>Drama works<br \/>\n<\/strong><\/p>\n<ul>\n<li>Kringh\u00e4uslerjevi: drama v treh dejanjih, 1918<\/li>\n<\/ul>\n<p><strong>Other works<br \/>\n<\/strong><\/p>\n<ul>\n<li>Kot ujetnica pri lovcih na glavo na Novi Gvineji, 1960<\/li>\n<li>Modri mesec, 1997<\/li>\n<li>Smrtonosni trn, 2006<\/li>\n<li>Angel na zemlji, 1998<\/li>\n<li>Urok Ju\u017enega morja; Tragedija neke \u017eenske, 1996<\/li>\n<li>Popotne skice, 1997<\/li>\n<li>Pod ko\u0161atim o\u010desom, 1938<\/li>\n<\/ul>\n<p><strong><span style=\"text-decoration: underline;\">IMPORTANT UNPUBLISHED WORKS<\/span><\/strong><\/p>\n<ul>\n<li>Pohabljen\u010dek<\/li>\n<li>De\u017eela lahkokrilih \u010dolni\u010dev<\/li>\n<li>Noujeva svetilka<\/li>\n<li>Srebrni trak (razvojna zgodba neke du\u0161e)<\/li>\n<li>Divji samorog (zgodba iz predzgodovinskih \u010dasov)<\/li>\n<li>Skrivnostni klic<\/li>\n<li>Veliki \u017ertveni kamen<\/li>\n<li>Vrvica za zaprisego (zgodba iz \u017eivljenja Parsov)<\/li>\n<li>Sokoli s Sedmokronskega<\/li>\n<li>Grad znanja v dimu (zgodba o ozvezdju)<\/li>\n<li>Krivda zvene\u010de skodelice veselja (zgodba iz stare Kitajske)<\/li>\n<li>Srebrna pi\u0161\u010dal<\/li>\n<li>Vene\u010da vodna vrba<\/li>\n<li>Zdravnik za \u010dasa Tutmosisa<\/li>\n<li>Sel Modrega zmaja (roman iz predzgodovinske Kitajske)<\/li>\n<li>Cvet vi\u0161in<\/li>\n<li>Upravitelj Norika<\/li>\n<li>Daljna \u017eenska (spomini 1934-1940)<\/li>\n<li>Franziska Kladovalec<\/li>\n<li>Verovanje in praznoverje na Daljnem Vzhodu<\/li>\n<li>Sinov dan zaroke<\/li>\n<li>Ihamiheis (roman iz zlate dobe Pozejdonisa)<\/li>\n<li>V hi\u0161i ljudi (umetni\u0161ki roman iz Japonske)<\/li>\n<li>V de\u017eeli no\u010dnih bakel<\/li>\n<li>V de\u017eeli plapolajo\u010dega ognja<\/li>\n<li>V blodnjavi zemeljskega<\/li>\n<li>Irahamitro (roman iz zlate dobe Babilona)<\/li>\n<li>Iwi \u2013 Son\u010dev poljub<\/li>\n<li>Pojo\u010di cvet (roman iz prazgodovinske Japonske)<\/li>\n<li>Pajki v mre\u017ei<\/li>\n<\/ul>\n<p>Zgodbe z Ju\u017enega morja<\/p>","protected":false},"excerpt":{"rendered":"<p>a Her devotion to literary creativity was inexhaustible. Thus, in her words: &#8220;I will write in my bright and dark days, until the Lord will take the pen out of my hands.&#8221; a Work of Alma Karlin comprises of 24 published books, some in several editions and in various languages. She has written more than&hellip;<\/p>\n","protected":false},"author":6,"featured_media":0,"parent":3580,"menu_order":2,"comment_status":"closed","ping_status":"closed","template":"","meta":{"footnotes":""},"class_list":["post-3158","page","type-page","status-publish","hentry"],"_links":{"self":[{"href":"https:\/\/www.jivatma.si\/en\/wp-json\/wp\/v2\/pages\/3158","targetHints":{"allow":["GET"]}}],"collection":[{"href":"https:\/\/www.jivatma.si\/en\/wp-json\/wp\/v2\/pages"}],"about":[{"href":"https:\/\/www.jivatma.si\/en\/wp-json\/wp\/v2\/types\/page"}],"author":[{"embeddable":true,"href":"https:\/\/www.jivatma.si\/en\/wp-json\/wp\/v2\/users\/6"}],"replies":[{"embeddable":true,"href":"https:\/\/www.jivatma.si\/en\/wp-json\/wp\/v2\/comments?post=3158"}],"version-history":[{"count":13,"href":"https:\/\/www.jivatma.si\/en\/wp-json\/wp\/v2\/pages\/3158\/revisions"}],"predecessor-version":[{"id":9287,"href":"https:\/\/www.jivatma.si\/en\/wp-json\/wp\/v2\/pages\/3158\/revisions\/9287"}],"up":[{"embeddable":true,"href":"https:\/\/www.jivatma.si\/en\/wp-json\/wp\/v2\/pages\/3580"}],"wp:attachment":[{"href":"https:\/\/www.jivatma.si\/en\/wp-json\/wp\/v2\/media?parent=3158"}],"curies":[{"name":"wp","href":"https:\/\/api.w.org\/{rel}","templated":true}]}}