{"id":4563,"date":"2013-10-09T10:49:34","date_gmt":"2013-10-09T10:49:34","guid":{"rendered":"http:\/\/www.jivatma.si\/?page_id=4563"},"modified":"2015-05-26T08:54:12","modified_gmt":"2015-05-26T08:54:12","slug":"joga-ljubezni-bhakti-joga","status":"publish","type":"page","link":"https:\/\/www.jivatma.si\/en\/o-nas\/joga-ljubezni-bhakti-joga\/","title":{"rendered":"Joga ljubezni &#8211; Bhakti joga"},"content":{"rendered":"<p><\/p>\n<h1><a href=\"http:\/\/www.jivatma.si\/wp-content\/uploads\/2013\/10\/bhakti_mojster.jpg\"><img loading=\"lazy\" decoding=\"async\" class=\"aligncenter  wp-image-4572\" title=\"bhakti_mojster\" alt=\"\" src=\"http:\/\/www.jivatma.si\/wp-content\/uploads\/2013\/10\/bhakti_mojster.jpg\" width=\"399\" height=\"453\" srcset=\"https:\/\/www.jivatma.si\/wp-content\/uploads\/2013\/10\/bhakti_mojster.jpg 435w, https:\/\/www.jivatma.si\/wp-content\/uploads\/2013\/10\/bhakti_mojster-264x300.jpg 264w, https:\/\/www.jivatma.si\/wp-content\/uploads\/2013\/10\/bhakti_mojster-132x150.jpg 132w\" sizes=\"auto, (max-width: 399px) 100vw, 399px\" \/><\/a><\/h1>\n<h1><\/h1>\n<p style=\"text-align: center;\">Vsak <strong>petek ob 17:00<\/strong> uri gostimo Kri\u0161nov ve\u010der.<\/p>\n<div style=\"text-align: center;\">&#8211; meditativna glasba v \u017eivo<\/div>\n<div style=\"text-align: center;\">&#8211; s poti po Indiji (video)<\/div>\n<div style=\"text-align: center;\">&#8211; karma, reinkarnacija, joga, meditacija (predavanje\/diskusija)<\/div>\n<div style=\"text-align: center;\">&#8211; indijska vegeterijanska zakuska<\/div>\n<div style=\"text-align: center;\"><\/div>\n<div style=\"text-align: center;\"><span style=\"color: #ffffff;\">.<\/span><\/div>\n<div style=\"text-align: center;\">\u00a0VSTOP PROST<\/div>\n<div style=\"text-align: center;\"><\/div>\n<div style=\"text-align: center;\"><\/div>\n<div style=\"text-align: center;\"><\/div>\n<div style=\"text-align: center;\"><\/div>\n<div style=\"text-align: center;\"><\/div>\n<p><\/p>","protected":false},"excerpt":{"rendered":"<p>Vsak petek ob 17:00 uri gostimo Kri\u0161nov ve\u010der. &#8211; meditativna glasba v \u017eivo &#8211; s poti po Indiji (video) &#8211; karma, reinkarnacija, joga, meditacija (predavanje\/diskusija) &#8211; indijska vegeterijanska zakuska . \u00a0VSTOP PROST<\/p>\n","protected":false},"author":6,"featured_media":0,"parent":23,"menu_order":0,"comment_status":"closed","ping_status":"closed","template":"","meta":{"footnotes":""},"class_list":["post-4563","page","type-page","status-publish","hentry"],"_links":{"self":[{"href":"https:\/\/www.jivatma.si\/en\/wp-json\/wp\/v2\/pages\/4563","targetHints":{"allow":["GET"]}}],"collection":[{"href":"https:\/\/www.jivatma.si\/en\/wp-json\/wp\/v2\/pages"}],"about":[{"href":"https:\/\/www.jivatma.si\/en\/wp-json\/wp\/v2\/types\/page"}],"author":[{"embeddable":true,"href":"https:\/\/www.jivatma.si\/en\/wp-json\/wp\/v2\/users\/6"}],"replies":[{"embeddable":true,"href":"https:\/\/www.jivatma.si\/en\/wp-json\/wp\/v2\/comments?post=4563"}],"version-history":[{"count":17,"href":"https:\/\/www.jivatma.si\/en\/wp-json\/wp\/v2\/pages\/4563\/revisions"}],"predecessor-version":[{"id":7301,"href":"https:\/\/www.jivatma.si\/en\/wp-json\/wp\/v2\/pages\/4563\/revisions\/7301"}],"up":[{"embeddable":true,"href":"https:\/\/www.jivatma.si\/en\/wp-json\/wp\/v2\/pages\/23"}],"wp:attachment":[{"href":"https:\/\/www.jivatma.si\/en\/wp-json\/wp\/v2\/media?parent=4563"}],"curies":[{"name":"wp","href":"https:\/\/api.w.org\/{rel}","templated":true}]}}