{"id":5806,"date":"2014-03-31T11:52:18","date_gmt":"2014-03-31T11:52:18","guid":{"rendered":"http:\/\/www.jivatma.si\/?page_id=5806"},"modified":"2014-03-31T12:05:54","modified_gmt":"2014-03-31T12:05:54","slug":"praznovanje-duhovnih-praznikov","status":"publish","type":"page","link":"https:\/\/www.jivatma.si\/en\/o-nas\/praznovanje-duhovnih-praznikov\/","title":{"rendered":"Praznovanje duhovnih praznikov"},"content":{"rendered":"<p style=\"text-align: justify;\">&#8220;Lepota ciklusa praznikov, ki temeljijo na naravnem ritmu sonca in lune, je v tem, da jih ni ustvarila \u010dlove\u0161ka religiozna ideologija, temve\u010d \u017eivljenje samo. Ritmi sonca, letnih \u010dasov in lune obstajajo ne glede na to, kdo ste, kje na Zemlji \u017eivite, ne\u00a0 glede na to, kateri kulturi pripadate in kak\u0161ni so va\u0161i \u017eivljenjski nazori. \u010ce dovolimo, da nas ti ritmi inspirirajo in nas opominjajo na duhovne praznike, to pomeni, da smo harmoni\u010dno ugla\u0161eni z naravo &#8211; z Zemljo in vesoljem.<\/p>\n<p style=\"text-align: justify;\">Naravni ciklus duhovnih praznikov imam rad, ker \u010dlove\u0161ka ideologija in teologija ne moreta vplivati na njegov potek in na njegovo bistvo. \u010ce bi ljudje zapustili Zemljo, bi solsticiji, ekvinokciji, lunine mene in prazniki ognja \u0161e vedno obstajali. Ko praznujemo te dogodke in \u017eivimo v skaludu z njimi, se spojimo\u00a0 z ekolo\u0161kim vzorcem, ki \u017ee obstaja. \u017divimo v skladu z naravnim ritmom, kar nas privede v ve\u010djo harmonijo z Zemljo in vesoljem. Ne praznujemo ideje kakega verskega u\u010ditelja, kar bi pomenilo, da se ograjujemo od tistih, ki ne verjamejo v isto idejo. Polna luna je polna luna ne glede na to, kdo ste in kje ste.\u00a0 Solsticij pripoveduje isto kozmi\u010dno zgodbo kristjanom, muslimanom, \u017eidom hindujcem in budistom.<\/p>\n<p style=\"text-align: justify;\">Te praznike imam rad, ker obljubljajo svet brez verskih sporov. Na neki na\u010din so globlje\u00a0 bistvo in ritem gibanja Zelenih. Vsi vemo, da smo odgovorni za na\u0161e okolje. Kaj pa notranja ekologija? Kaj pa kozmi\u010dna ekologija? Uglasitev s temi prazniki in uskladitev \u017eivljenja z njimi nas lahko privede do radostnega slavljenja velikih notranjih ekolo\u0161kih odnosov.<\/p>\n<p style=\"text-align: justify;\">Ko se vedno bolj zavedamo na\u0161ega okolja, ko smo vedno bolj dojemljivi za duhovne in notranje dimenzije, se nam zdi vedno bolj logi\u010dno, da so na\u0161i duhovni prazniki povezani z naravnimi ritmi vesolja \u00a0in da jih ti ritmi ozna\u010dujejo.<\/p>\n<p style=\"text-align: justify;\">Zadnjih sto let postopoma raste nova zavest o teh naravnih praznikih. Vedno ve\u010d ljudi prilagaja kvaliteto\u00a0 in naravo svojih individualnih in skupinskih meditacij luninemu ciklusu. Prav tako mnogi slavijo \u017eivljenje in stvarstvo v ritmu solsticijev, ekvinokcijev in praznikov ognja. Rad bi vam razjasnil te novosti in vam predstavil za\u010detke koherentne slike. Duhovno delo z luninim ritmom je podrobno opisal veliki tibetanski u\u010ditelj Djwahl Kuhl s pomo\u010djo svoje pomo\u010dnice Alice Bailey. Mnogo skupin se \u017ee ve\u010d desetletij ukvarja z meditacijo ob polnih lunah. To pomeni, da je ljudem do dolo\u010dene mere jasno, kako naj sodelujejo z luninim\u00a0 ritmom.<\/p>\n<p style=\"text-align: justify;\">Manj pa je jasno, kako naj delamo z ekvinokciji, solsticiji in s prazniki ognja. Obstaja precej zgodovinskih in antropolo\u0161kih podatkov o tem, kako so te praznike praznovali neko\u010d, zamisli o tem, kako naj bi jih praznovali v na\u0161i kulturi in v prihodnosti, pa \u0161ele vznikajo. Skupine, ki o\u017eivljajo tradicijo Keltov in se ukvarjajo s tako imenovanimi \u00b4\u00b4zemeljskimi misteriji\u00b4\u00b4, nam ka\u017eejo pot naprej. Lahko bi raziskali, kaj je inspiriralo te praznike. Razumevanje te inspiracije bi nam pomagalo pri do\u017eivljanju praznikov in pri delu z njimi.<\/p>\n<p style=\"text-align: justify;\">Vse to je zelo pomembno za prihodnost religije, saj menim, da bodo velike miselne zgradbe in organizacije dana\u0161njih svetovnih religij izginile. Mo\u0161ki in \u017eenske bodo resnico iskali v sebi. Izbirali si bodo orodja in poti, ki se jim bodo zdeli primerni, ob teh naravnih praznovanjih pa se bodo zbrali skupaj. Ob solsticijih in ekvinokcijih bodo slavili na\u0161e kozmi\u010dne odnose; ob praznikih ognja bodo slavili na\u0161 odnos z angelskimi svetovi; ciklus lune jim bo pomagal pri poglobljenem notranjem delu in pri duhovnem slu\u017eenju.<\/p>\n<p style=\"text-align: justify;\">Te praznike imam rad tudi zaradi duhovne mo\u010di, ki nam jo dajejo. \u010cudovito je videti mo\u0161ke in \u017eenske, ki jih usmerja le njihov notranji klic in jih navdihuje, kako naj vodijo obrede, meditacije in praznovanja. Lepota obreda in lepota vodenja obreda je v tem, da lahko potem, ko dose\u017eemo pravo razpolo\u017eenje in pravo vzdu\u0161je, deluje in govorimo povsem ugla\u0161eno s svojim notranjim jazom in duhom. Med duhovno ceremonijo se na\u0161e notranje \u017eivljenje izrazi v\u00a0 tridimenzionalnem zemeljskem \u017eivjenju in obe stvarnosti se lahko\u00a0 dopolnita.<\/p>\n<p style=\"text-align: justify;\">Upam, da bodo ceremonije, ki so opisane v tej knjigi, ljudi navdihnile, da bodo lastno duhovno \u017eivljenje vzeli v svoje roke. Izvajanje svetega rituala je lahko nadvse opogumljajo\u010de do\u017eivetje in ljudem svetujem, naj ne bodo strahopetni in naj ne podcenjujejo svoje duhovne\u00a0 mo\u010di. \u010ce se previdno sprijaznimo z na\u0161o\u00a0 duhovno mo\u010djo, nam to lahko pomaga do klenega\u00a0 in so\u010dutnega duhovnega dostojanstva. Spomnim se mnogih\u00a0 prijateljev, kiso obrede vodili kljub \u017eiv\u010dnosti in zaskrbljenosti in jih je to do\u017eivetje preobrazilo&#8230;&#8221;<\/p>\n<p style=\"text-align: justify;\"><strong><em>(William Bloom: Duhovni prazniki; nov pristop do praznovanja, str. 20 &#8211; 22, poglavje 1.4 &#8211; Lepota praznikov, ki se ponavljajo)<\/em><\/strong><\/p>\n","protected":false},"excerpt":{"rendered":"<p>&#8220;Lepota ciklusa praznikov, ki temeljijo na naravnem ritmu sonca in lune, je v tem, da jih ni ustvarila \u010dlove\u0161ka religiozna ideologija, temve\u010d \u017eivljenje samo. Ritmi sonca, letnih \u010dasov in lune obstajajo ne glede na to, kdo ste, kje na Zemlji \u017eivite, ne\u00a0 glede na to, kateri kulturi pripadate in kak\u0161ni so va\u0161i \u017eivljenjski nazori. \u010ce&hellip;<\/p>\n","protected":false},"author":6,"featured_media":0,"parent":23,"menu_order":0,"comment_status":"closed","ping_status":"open","template":"","meta":{"footnotes":""},"class_list":["post-5806","page","type-page","status-publish","hentry"],"_links":{"self":[{"href":"https:\/\/www.jivatma.si\/en\/wp-json\/wp\/v2\/pages\/5806","targetHints":{"allow":["GET"]}}],"collection":[{"href":"https:\/\/www.jivatma.si\/en\/wp-json\/wp\/v2\/pages"}],"about":[{"href":"https:\/\/www.jivatma.si\/en\/wp-json\/wp\/v2\/types\/page"}],"author":[{"embeddable":true,"href":"https:\/\/www.jivatma.si\/en\/wp-json\/wp\/v2\/users\/6"}],"replies":[{"embeddable":true,"href":"https:\/\/www.jivatma.si\/en\/wp-json\/wp\/v2\/comments?post=5806"}],"version-history":[{"count":4,"href":"https:\/\/www.jivatma.si\/en\/wp-json\/wp\/v2\/pages\/5806\/revisions"}],"predecessor-version":[{"id":5811,"href":"https:\/\/www.jivatma.si\/en\/wp-json\/wp\/v2\/pages\/5806\/revisions\/5811"}],"up":[{"embeddable":true,"href":"https:\/\/www.jivatma.si\/en\/wp-json\/wp\/v2\/pages\/23"}],"wp:attachment":[{"href":"https:\/\/www.jivatma.si\/en\/wp-json\/wp\/v2\/media?parent=5806"}],"curies":[{"name":"wp","href":"https:\/\/api.w.org\/{rel}","templated":true}]}}