{"id":6883,"date":"2014-11-25T11:29:49","date_gmt":"2014-11-25T11:29:49","guid":{"rendered":"http:\/\/www.jivatma.si\/?page_id=6883"},"modified":"2016-02-22T10:40:58","modified_gmt":"2016-02-22T10:40:58","slug":"tecaj-cudezev","status":"publish","type":"page","link":"https:\/\/www.jivatma.si\/en\/dogodki\/tecaj-cudezev\/","title":{"rendered":"Course of miracles"},"content":{"rendered":"<p><span style=\"color: #ffffff;\">a<\/span><br \/>\nLectures on the book Course of Miracles that represents a great tool for spiritual development of a man. We deepen the contents of manual and workbook.<\/p>\n<p><img loading=\"lazy\" decoding=\"async\" title=\"Naslovnica knjige Te\u010daj \u010dude\u017eev\" alt=\"\" src=\"http:\/\/www.jivatma.si\/wp-content\/uploads\/2015\/03\/knjiga_tecaj.png\" width=\"161\" height=\"154\" \/><br \/>\nThe lecturer is Aristid Havli\u010dek &#8211; Tili, theosophist, tantric teacher and bishop of the Liberal Catholic Church.<br \/>\n<span style=\"color: #ffffff;\">a<\/span><br \/>\nThe lessons are taken every Monday at 19:00. The meetings are combined with a work of another group in Ljubljana which has been studying a course of miracles for a long time. Every meeting is independent and open for everyone.<br \/>\n<span style=\"color: #ffffff;\">a<\/span><br \/>\nContribution: 3 \u20ac (2 \u20ac for members)<\/p>","protected":false},"excerpt":{"rendered":"<p>a Lectures on the book Course of Miracles that represents a great tool for spiritual development of a man. We deepen the contents of manual and workbook. The lecturer is Aristid Havli\u010dek &#8211; Tili, theosophist, tantric teacher and bishop of the Liberal Catholic Church. a The lessons are taken every Monday at 19:00. The meetings&hellip;<\/p>\n","protected":false},"author":6,"featured_media":0,"parent":89,"menu_order":2,"comment_status":"closed","ping_status":"open","template":"","meta":{"footnotes":""},"class_list":["post-6883","page","type-page","status-publish","hentry"],"_links":{"self":[{"href":"https:\/\/www.jivatma.si\/en\/wp-json\/wp\/v2\/pages\/6883","targetHints":{"allow":["GET"]}}],"collection":[{"href":"https:\/\/www.jivatma.si\/en\/wp-json\/wp\/v2\/pages"}],"about":[{"href":"https:\/\/www.jivatma.si\/en\/wp-json\/wp\/v2\/types\/page"}],"author":[{"embeddable":true,"href":"https:\/\/www.jivatma.si\/en\/wp-json\/wp\/v2\/users\/6"}],"replies":[{"embeddable":true,"href":"https:\/\/www.jivatma.si\/en\/wp-json\/wp\/v2\/comments?post=6883"}],"version-history":[{"count":12,"href":"https:\/\/www.jivatma.si\/en\/wp-json\/wp\/v2\/pages\/6883\/revisions"}],"predecessor-version":[{"id":9202,"href":"https:\/\/www.jivatma.si\/en\/wp-json\/wp\/v2\/pages\/6883\/revisions\/9202"}],"up":[{"embeddable":true,"href":"https:\/\/www.jivatma.si\/en\/wp-json\/wp\/v2\/pages\/89"}],"wp:attachment":[{"href":"https:\/\/www.jivatma.si\/en\/wp-json\/wp\/v2\/media?parent=6883"}],"curies":[{"name":"wp","href":"https:\/\/api.w.org\/{rel}","templated":true}]}}