{"id":7539,"date":"2015-07-28T07:24:37","date_gmt":"2015-07-28T07:24:37","guid":{"rendered":"http:\/\/www.jivatma.si\/?page_id=7539"},"modified":"2017-10-03T06:26:58","modified_gmt":"2017-10-03T06:26:58","slug":"oddaja-gradiva","status":"publish","type":"page","link":"https:\/\/www.jivatma.si\/en\/gradiva\/oddaja-gradiva\/","title":{"rendered":"Material submission"},"content":{"rendered":"<p><span style=\"color: #ffffff;\"> a<\/span><\/p>\n<p style=\"text-align: justify;\"><b>In last years, we collected in our library with donations a lot of copied native and foreign books &#8211; scripts with interesting titles, useful and nice to read. As this material in such form doesn&#8217;t belong on our bookshelves, we would like to offer it to you, as it is benefitial because of interesting topics to find it&#8217;s way to you and not to be thrown away to trash can.<br \/>\n<span style=\"color: #ffffff;\">a<\/span><br \/>\nWe invite you, to visit us and choose books, that you are interested in. In our library you can chat, drink coffee or tea, and view our rich set of books.<\/b><br \/>\n<span style=\"color: #ffffff;\">a<b>a<\/b><\/span><\/p>\n<p><b>List of avaiable scripts: <\/b><\/p>\n<ol>\n<li>ABECEDA NUMEROLOGIJE, Maria Duval<\/li>\n<li>ALKOHOLIZEM, Dr. Boben Darja<\/li>\n<li>THE ANGELIC HOSTS, Geoffrey Hodson<\/li>\n<li>ANGLE\u0160\u010cINA ZA POSLOVNO USPE\u0160NE, Karsta Neuhaus, Margaret Haltern<\/li>\n<li>APOLLONIUS OF TYANA<\/li>\n<li>ASCHRAMIC PROJECTIONS, Lucille Cedercrans<\/li>\n<li>ASTRALNA RAVEN, Charles W. Leadbeater<\/li>\n<li>BHAGAVADGITA, GOSPODOVA PESEM<\/li>\n<li>BLAGOSLOV, Serge King<\/li>\n<li>BRATSTVO AND\u017dELA I LJUDI, G.Hodson<\/li>\n<li>BREZ O\u010cAL DO VISOKE STAROSTI, Harry Benjamin<\/li>\n<li>BUD\u017dENJE PLANETA, Peter Russell<\/li>\n<li>CAYCE<\/li>\n<li>THE CASUAL BODY AND THE EGO, Arthur E. Powell<\/li>\n<li>DIE CHAKRAS, C.W.Leadbeater<\/li>\n<li>CREATIVE THINKING, Lucille Cedercrans<\/li>\n<li>\u010cLOVEKOVIH SEDEM PRINCIPOV, Annie Besant<\/li>\n<li>\u010cLOVEK SAMEMU SEBI, Anton Trstenjak<\/li>\n<li>\u010cOVJEK I NJEGOVA BOLEST, A. Jores<\/li>\n<li>\u010cUSTVENA ODLI\u010cNOST, Maya Phillips<\/li>\n<li>DARK NIGHT OF THE SOUL<\/li>\n<li>DAROVANJKE, Tagore<\/li>\n<li>THE DISCIPLE AND ECONOMY, Lucille Cedercrans<\/li>\n<li>DOLAZAK ANDJELA, Geoffrey Hodson<\/li>\n<li>DRAGULJ V LOTOSU, Sunyata Saraswati, Bodhi Avinasha<\/li>\n<li>THE DRAMATIC HISTORY OF THE CHRISTIAN FAITH, J.J. Van Der Leeeuw<\/li>\n<li>EMOTION, INTELLECT AND SPIRITUALITY,&#8230;Annie Besant<\/li>\n<li>THE ESOTERIC WORLD OF MADAME BLAVATSKY<\/li>\n<li>THE ETHERIC DOUBLE, A.E. Powell<\/li>\n<li>HEART<\/li>\n<li>HEART OF ASIA, Nicholas Roerich<\/li>\n<li>THE HEAVEN WORLD ITS CHARACTERISTICS AND INHABITANTS, C.W. Leadbeater<\/li>\n<li>THE HIDDEN SIDE OF THINGS, C.W. Leadbeater<\/li>\n<li>THE HISTORICAL JESUS AND MYTHICAL- CHRIST, Gerald Massey<\/li>\n<li>IGRA \u017dIVLJENJA, Florence Scovel Shinn<\/li>\n<li>IME ISUS, Kenneth E. Hagin<\/li>\n<li>INDIGO DJECA, Lee Carrol Jan Tober<\/li>\n<li>INITIATION, Elizabeth Haich<\/li>\n<li>ISTORIJA GALAKSIJE, ZEMLJE I \u010cOVJEKA, Ivan Anti\u0107<\/li>\n<li>IVANOVA APOKALIPSA, Dr. Rudolf Steiner<\/li>\n<li>JEDNO POSVE\u010cENJE U STAROM EGIPTU, Woldemar V. Uxkull<\/li>\n<li>JOGA NIDRA, Swami Satyananda Saraswati<\/li>\n<li>JOVANOVO EVANDJELJE U VEZI S OSTALIM EVANDJELJIMA, Rudolf Steiner<\/li>\n<li>KAKO GOSPODARITI S SEBOJ, Emile Coue<\/li>\n<li>KAM OD TOD, Roberto Assagioli<\/li>\n<li>THE KINGDOM OF FAERIE, Geoffrey Hodson<\/li>\n<li>KJE JE MOJ SIR, Spencer Johnson<\/li>\n<li>KOJU IGRU IGRA\u0160, Erik Bern<\/li>\n<li>KOREKCIJA KARME, Lazareva N.F.<\/li>\n<li>LEADERSHIP TRAINING, Lucille Cedercrans<\/li>\n<li>LEAVES OF MORYAS GARDEN BOOK TWO<\/li>\n<li>LIGHT ON THE PATH, Mabel Collins<\/li>\n<li>MAGI\u010cNE KRETNJE, Carlos Castaneda<\/li>\n<li>DIE MALACHIAS BEISFAGUNG<\/li>\n<li>MAN: FRAGMENTS OF FORGOTTEN HISTORY, Mohini Chatterji , Laura C. Holloway<\/li>\n<li>MAN: WHENCE, HOW AND WHITER, Annie Besant and C.W.Leadbeater<\/li>\n<li>THE MASTERS, INITIATION, DHARMA, Annie Bessant<\/li>\n<li>THE MIRACLE OF BIRTH, Geoffrey Hodson<\/li>\n<li>MLADO TELO IN NEODVISEN UM, Deepak Chopra<\/li>\n<li>MO\u010c MI\u0160LJENJA, Annie Besant<\/li>\n<li>MO\u010c OSEBNE RASTI, Franjo Trojnar<\/li>\n<li>MO\u010c POZITIVNEGA MI\u0160LJENJA ZA POSLOVNE\u017dE, Scott W. Ventrella<\/li>\n<li>MOJ PUT, PUT BELIH OBLAKA, Osho Rajneesh<\/li>\n<li>NARAVNA POT V ENOST, Charles Berner<\/li>\n<li>THE NATURE OF THE SOUL, Lucille Cedercrans<\/li>\n<li>NE\u010cUJAN VAPAJ ZA SMISLOM, Viktor E. Frankl<\/li>\n<li>NIRVANA, George S. Arundale<\/li>\n<li>NOTRANJE POPOTOVANJE TUJCA, Kend\u017eiro Jo\u0161igasaki<\/li>\n<li>NOVE \u0106ELIJE, NOVA TELA, NOVI \u017dIVOT, Vird\u017einija Esen<\/li>\n<li>THE OCCULT WORLD, A.P. Sinnett<\/li>\n<li>THE OCEAN OF THEOSOPHY, William Q. Judge<\/li>\n<li>ODGOVORI MATERE MEERE, Mother Meera<\/li>\n<li>ODGOVORI MATERE MEERE, Mother Meera, 1. del<\/li>\n<li>ODGOVORI MATERE MEERE, Mother Meera, 2. del<\/li>\n<li>ODLO\u010cITEV JE VA\u0160A, Janette Rainwater<\/li>\n<li>ODPU\u0160\u010cANJE JE OZDRAVLJENJE, p. Robert DeGrandis<\/li>\n<li>OKULTNI RAZVOJ \u010cOVJE\u010cANSTVA, C. Jinarajadasa<\/li>\n<li>ORIJENTALNA DIJAGNOZA, Michio Kushi<\/li>\n<li>O TRAGI\u010cNOM OSE\u010cANJU \u017dIVOTA, Miguel De Unamuno<\/li>\n<li>POPOTOVANJE Z NAMENOM<\/li>\n<li>POVEST O BELEM LOTOSU, Mabel Collins<\/li>\n<li>THE POWER AND USE OF THOUGHT- SNAGA I UPOTREBA MISLI, C.W. Leadbeater<\/li>\n<li>PREBUJENJE, Holbeche S.<\/li>\n<li>PRED VRATIMA TEOZOFIJE, Rudolf Steiner<\/li>\n<li>PREOBRAZBA, J.G. Bennet<\/li>\n<li>PROPHETIES, Michael Nostradamus<\/li>\n<li>PROROK, Halil D\u017eubran<\/li>\n<li>PSIHODINAMI\u010cNA TEORIJA NEVROZ<\/li>\n<li>PSIHOLOGIJA \u010cLOVEKOVEGA MO\u017dNEGA RAZVOJA, P.D. Ouspensky<\/li>\n<li>RAZLO\u010cEVANJE, Marko Ivan Rupnik<\/li>\n<li>RUCK-SCHAU UND PEOPLE- ZEIUUNGEN, Edgar Cayce<\/li>\n<li>SABRANA O.K. DIJELA<\/li>\n<li>THE SECRET DOCTRINE, H.P. Blavatsky-vol.1.<\/li>\n<li>THE SECRET DOCTRINE, H.P. Blavatsky-vol 2.<\/li>\n<li>THE SECRET DOCTRINE \u2013EVOLUTION OF SYMBOLISM BOOK 1, PART 2, H.P.Blavatsky<\/li>\n<li>THE SECRET DOCTRINE &#8211; SCIENCE AND SECRET DOCTRINE CONTRASTED BOOK 1, PART 3, H.P.Blavatsky<\/li>\n<li>THE SEVEN RAYS, Ernest Wood<\/li>\n<li>SHAMBHALA<\/li>\n<li>SHIATSU CJELOVITOG ZDRAVLJA, Shizuku Yamamoto<\/li>\n<li>SKRIVNOST, Rhonda Byrne<\/li>\n<li>THE SOUL AND ITS INSTRUMENT, Lucille Cedercrans<\/li>\n<li>SOVRA\u017dIM VAS, Berta Golob<\/li>\n<li>SPOLNO NASILJE NAD OTROKI<\/li>\n<li>THE STORY OF ATLANTIS, W. Scott. Elliot<\/li>\n<li>SUPERMUNDANE BOOK 1<\/li>\n<li>SUPERMUNDANE BOOK 2<\/li>\n<li>SUPERMUNDANE BOOK 3<\/li>\n<li>SVETO PISMO &#8211; KNJIGA \u017dIVLJENJA, Klaus Einspieler, Jo\u017ee Marketz, Janko Merka\u010d<\/li>\n<li>SVETOVANJE ZA \u017dABCA, Robert de Board<\/li>\n<li>\u0160OLANJE IN CILJ \u010cLOVE\u0160KEGA \u017dIVLJENJA, P.B. Saint Hilaire<\/li>\n<li>40 DNEVNO POTOVANJE Z NAMENOM<\/li>\n<li>\u0160TIRJE DOGOVORI, Don Miguel Ruiz<\/li>\n<li>TAI CHI CHUAN, Tone An\u010dnik<\/li>\n<li>TAKO GOVORI JOGA- SUTRA PATAND\u017dALIJA<\/li>\n<li>TEHNIKA PRIJETNEGA BIVANJA FENG SHUI, Mojster Lam Kam Chuen<\/li>\n<li>TEMELJI PSIHOSINTEZE<\/li>\n<li>TEMELJNA U\u010cENJA EZOTERI\u010cKE FILOZOFIJE, Ianthe H. Hoskins<\/li>\n<li>TEMNA STRAN ISKALCEV SVETLOBE, Debbie Ford<\/li>\n<li>TEOZOFSKA PO\u010cETNICA II. DEL, Dr. Milan Svoboda<\/li>\n<li>TEOZOFIJA ZA NEOFITE, M.S.<\/li>\n<li>THE END TIMES, Kryon<\/li>\n<li>THOUGHTS AND MEDITATIONS, Kahlil Gibran<\/li>\n<li>THOUGHTS ON \u00bbAT THE FEET OF THE MASTER\u00ab, George S. Arundale<\/li>\n<li>THROUGH THE GATEWAY OF DEATH, Geoffrey Hodson<\/li>\n<li>TRI POSTAVKE YOGE, Nj. Sv.Mahatapasvi Shri Kumarswamiji<\/li>\n<li>U\u010cBENIK \u017dIVLJENJA, Martin Kojc<\/li>\n<li>U\u010cIM SE JOGE, Andre Van Lysebeth<\/li>\n<li>UMETNOST SAMOPRENOVE, D. Barnes Boftey<\/li>\n<li>UMEVANJE SANJ, Bojan Rauter Kosi\u010d<\/li>\n<li>UPOKOJITE SE MLADI IN BOGATI, Robert T. Kiyosaki<\/li>\n<li>UVOD V FENG \u0160UI, Renata Rakun<\/li>\n<li>UVOD V SOCIOLOGIJO, Michael Haralambos<\/li>\n<li>VATRA STVARALA\u0160TVA, Dr. J.J. Van Der Leeuw<\/li>\n<li>VEDA O JOGI, I.K. Taimni<\/li>\n<li>ZMOREM \u010cE TO VERJAMEM, Norman Vincent Peale<\/li>\n<li>Z MORJEM V SEBI, Dr. Sre\u010dko Bergant<\/li>\n<li>\u017dIVOT I NAUKA MAJSTORA NA DALEKOM ISTOKU, Baird Spalding<\/li>\n<li>\u017dIVOT SV. BENEDIKTA, Anzelmo Lentini<\/li>\n<li>THE WATER OF LIFE, John W. Armstrong<\/li>\n<li>THE WAY OF WISDOM, N. Sri Ram<\/li>\n<li>THE YOGA APHORISMS OF PATANJALI, William Q. Judge,THE K.H.LETTERS TO C.W. LEADBEATER, C.Jinarajadasa, ASPECTS OF THE CHRIST, Annie Besant<\/li>\n<li>YOGA ZA ZA\u010cETNIKE, Shakti<\/li>\n<\/ol>\n<p><\/p>","protected":false},"excerpt":{"rendered":"<p>a In last years, we collected in our library with donations a lot of copied native and foreign books &#8211; scripts with interesting titles, useful and nice to read. As this material in such form doesn&#8217;t belong on our bookshelves, we would like to offer it to you, as it is benefitial because of interesting&hellip;<\/p>\n","protected":false},"author":6,"featured_media":0,"parent":32,"menu_order":2,"comment_status":"closed","ping_status":"open","template":"","meta":{"footnotes":""},"class_list":["post-7539","page","type-page","status-publish","hentry"],"_links":{"self":[{"href":"https:\/\/www.jivatma.si\/en\/wp-json\/wp\/v2\/pages\/7539","targetHints":{"allow":["GET"]}}],"collection":[{"href":"https:\/\/www.jivatma.si\/en\/wp-json\/wp\/v2\/pages"}],"about":[{"href":"https:\/\/www.jivatma.si\/en\/wp-json\/wp\/v2\/types\/page"}],"author":[{"embeddable":true,"href":"https:\/\/www.jivatma.si\/en\/wp-json\/wp\/v2\/users\/6"}],"replies":[{"embeddable":true,"href":"https:\/\/www.jivatma.si\/en\/wp-json\/wp\/v2\/comments?post=7539"}],"version-history":[{"count":8,"href":"https:\/\/www.jivatma.si\/en\/wp-json\/wp\/v2\/pages\/7539\/revisions"}],"predecessor-version":[{"id":10688,"href":"https:\/\/www.jivatma.si\/en\/wp-json\/wp\/v2\/pages\/7539\/revisions\/10688"}],"up":[{"embeddable":true,"href":"https:\/\/www.jivatma.si\/en\/wp-json\/wp\/v2\/pages\/32"}],"wp:attachment":[{"href":"https:\/\/www.jivatma.si\/en\/wp-json\/wp\/v2\/media?parent=7539"}],"curies":[{"name":"wp","href":"https:\/\/api.w.org\/{rel}","templated":true}]}}