{"id":886,"date":"2011-08-23T07:42:54","date_gmt":"2011-08-23T07:42:54","guid":{"rendered":"http:\/\/www.jivatma.si\/"},"modified":"2020-12-21T12:44:21","modified_gmt":"2020-12-21T12:44:21","slug":"iz-teozofskog-svijeta","status":"publish","type":"page","link":"https:\/\/www.jivatma.si\/en\/gradiva\/starejse-revije-casopisi\/iz-teozofskog-svijeta\/","title":{"rendered":"Iz teozofskog svijeta"},"content":{"rendered":"<h1><\/h1>\n<p><a href=\"http:\/\/www.jivatma.si\/wp-content\/uploads\/2011\/08\/IZ-TEOZOFSKOG-SVIJETA-LETO-1938-ST.-1.pdf\">IZ TEOZOFSKOG SVIJETA, LETO 1938, \u0160T. 1<\/a><\/p>\n<p><a href=\"http:\/\/www.jivatma.si\/wp-content\/uploads\/2011\/08\/IZ-TEOZOFSKOG-SVIJETA-LETO-1938-ST.-2.pdf\">IZ TEOZOFSKOG SVIJETA, LETO 1938, \u0160T. 2<\/a><\/p>\n<p><a href=\"http:\/\/www.jivatma.si\/wp-content\/uploads\/2011\/08\/IZ-TEOZOFSKOG-SVIJETA-LETO-1938-ST.-3.pdf\">IZ TEOZOFSKOG SVIJETA, LETO 1938, \u0160T. 3<\/a><\/p>\n<p><a href=\"http:\/\/www.jivatma.si\/wp-content\/uploads\/2011\/08\/IZ-TEOZOFSKOG-SVIJETA-LETO-1938-ST.-4.pdf\">IZ TEOZOFSKOG SVIJETA, LETO 1938, \u0160T. 4<\/a><\/p>\n<p><a href=\"http:\/\/www.jivatma.si\/wp-content\/uploads\/2011\/08\/IZ-TEOZOFSKOG-SVIJETA-LETO-1938-ST.-5.pdf\">IZ TEOZOFSKOG SVIJETA, LETO 1938, \u0160T. 5<\/a><\/p>\n<p><a href=\"http:\/\/www.jivatma.si\/wp-content\/uploads\/2011\/08\/IZ-TEOZOFSKOG-SVIJETA-LETO-1938-ST.-6-7.pdf\">IZ TEOZOFSKOG SVIJETA, LETO 1938, \u0160T. 6-7<\/a><\/p>\n<p><a href=\"http:\/\/www.jivatma.si\/wp-content\/uploads\/2011\/08\/IZ-TEOZOFSKOG-SVIJETA-LETO-1938-ST.-8-9.pdf\">IZ TEOZOFSKOG SVIJETA, LETO 1938, \u0160T. 8-9<\/a><\/p>\n<p><a href=\"http:\/\/www.jivatma.si\/wp-content\/uploads\/2011\/08\/IZ-TEOZOFSKOG-SVIJETA-LETO-1938-ST.-10-11.pdf\">IZ TEOZOFSKOG SVIJETA, LETO 1938, \u0160T. 10-11<\/a><\/p>\n<p><a href=\"http:\/\/www.jivatma.si\/wp-content\/uploads\/2011\/08\/IZ-TEOZOFSKOG-SVIJETA-LETO-1939-ST.-2.pdf\">IZ TEOZOFSKOG SVIJETA, LETO 1939, \u0160T. 2<\/a><\/p>\n<p><a href=\"http:\/\/www.jivatma.si\/wp-content\/uploads\/2011\/08\/IZ-TEOZOFSKOG-SVIJETA-LETO-1939-ST.-3.pdf\">IZ TEOZOFSKOG SVIJETA, LETO 1939, \u0160T. 3<\/a><\/p>\n<p><a href=\"http:\/\/www.jivatma.si\/wp-content\/uploads\/2011\/08\/IZ-TEOZOFSKOG-SVIJETA-LETO-1939-ST.-4.pdf\">IZ TEOZOFSKOG SVIJETA, LETO 1939, \u0160T. 4<\/a><\/p>\n","protected":false},"excerpt":{"rendered":"<p>IZ TEOZOFSKOG SVIJETA, LETO 1938, \u0160T. 1 IZ TEOZOFSKOG SVIJETA, LETO 1938, \u0160T. 2 IZ TEOZOFSKOG SVIJETA, LETO 1938, \u0160T. 3 IZ TEOZOFSKOG SVIJETA, LETO 1938, \u0160T. 4 IZ TEOZOFSKOG SVIJETA, LETO 1938, \u0160T. 5 IZ TEOZOFSKOG SVIJETA, LETO 1938, \u0160T. 6-7 IZ TEOZOFSKOG SVIJETA, LETO 1938, \u0160T. 8-9 IZ TEOZOFSKOG SVIJETA, LETO 1938, \u0160T.&hellip;<\/p>\n","protected":false},"author":6,"featured_media":0,"parent":7770,"menu_order":0,"comment_status":"closed","ping_status":"closed","template":"","meta":{"footnotes":""},"class_list":["post-886","page","type-page","status-publish","hentry"],"_links":{"self":[{"href":"https:\/\/www.jivatma.si\/en\/wp-json\/wp\/v2\/pages\/886","targetHints":{"allow":["GET"]}}],"collection":[{"href":"https:\/\/www.jivatma.si\/en\/wp-json\/wp\/v2\/pages"}],"about":[{"href":"https:\/\/www.jivatma.si\/en\/wp-json\/wp\/v2\/types\/page"}],"author":[{"embeddable":true,"href":"https:\/\/www.jivatma.si\/en\/wp-json\/wp\/v2\/users\/6"}],"replies":[{"embeddable":true,"href":"https:\/\/www.jivatma.si\/en\/wp-json\/wp\/v2\/comments?post=886"}],"version-history":[{"count":5,"href":"https:\/\/www.jivatma.si\/en\/wp-json\/wp\/v2\/pages\/886\/revisions"}],"predecessor-version":[{"id":14631,"href":"https:\/\/www.jivatma.si\/en\/wp-json\/wp\/v2\/pages\/886\/revisions\/14631"}],"up":[{"embeddable":true,"href":"https:\/\/www.jivatma.si\/en\/wp-json\/wp\/v2\/pages\/7770"}],"wp:attachment":[{"href":"https:\/\/www.jivatma.si\/en\/wp-json\/wp\/v2\/media?parent=886"}],"curies":[{"name":"wp","href":"https:\/\/api.w.org\/{rel}","templated":true}]}}